{"id":8891,"date":"2025-07-18T07:51:32","date_gmt":"2025-07-18T06:51:32","guid":{"rendered":"https:\/\/www.call-the-service.com\/contact\/"},"modified":"2026-04-29T14:18:10","modified_gmt":"2026-04-29T13:18:10","slug":"contact","status":"publish","type":"page","link":"https:\/\/www.call-the-service.com\/fr\/contact\/","title":{"rendered":"contact"},"content":{"rendered":"\t\t<div data-elementor-type=\"wp-page\" data-elementor-id=\"8891\" class=\"elementor elementor-8891 elementor-323\" data-elementor-post-type=\"page\">\n\t\t\t\t<div class=\"elementor-element elementor-element-09b4647 e-grid e-con-boxed e-con e-parent\" data-id=\"09b4647\" data-element_type=\"container\" id=\"contact\" data-settings=\"{&quot;background_background&quot;:&quot;classic&quot;}\">\n\t\t\t\t\t<div class=\"e-con-inner\">\n\t\t<div class=\"elementor-element elementor-element-088759c e-con-full e-flex e-con e-child\" data-id=\"088759c\" data-element_type=\"container\">\n\t\t\t\t<div class=\"elementor-element elementor-element-c1b4118 elementor-widget elementor-widget-heading\" data-id=\"c1b4118\" data-element_type=\"widget\" data-widget_type=\"heading.default\">\n\t\t\t\t\t<h1 class=\"elementor-heading-title elementor-size-default\">Vous avez une question ?<\/h1>\t\t\t\t<\/div>\n\t\t\t\t<div class=\"elementor-element elementor-element-4c1e610 elementor-widget elementor-widget-heading\" data-id=\"4c1e610\" data-element_type=\"widget\" data-widget_type=\"heading.default\">\n\t\t\t\t\t<h1 class=\"elementor-heading-title elementor-size-default\">Discutons ensemble<\/h1>\t\t\t\t<\/div>\n\t\t\t\t<div class=\"elementor-element elementor-element-b7acc87 elementor-widget elementor-widget-heading\" data-id=\"b7acc87\" data-element_type=\"widget\" data-widget_type=\"heading.default\">\n\t\t\t\t\t<h1 class=\"elementor-heading-title elementor-size-default\">Que vous g\u00e9riez un seul caf\u00e9 ou une cha\u00eene d\u2019\u00e9tablissements, nous sommes l\u00e0 pour vous accompagner vers un service plus fluide que jamais<\/h1>\t\t\t\t<\/div>\n\t\t<div class=\"elementor-element elementor-element-8b3e1ce e-con-full e-flex e-con e-child\" data-id=\"8b3e1ce\" data-element_type=\"container\">\n\t\t\t\t<\/div>\n\t\t\t\t<\/div>\n\t\t<div class=\"elementor-element elementor-element-521dc7d e-con-full e-flex e-con e-child\" data-id=\"521dc7d\" data-element_type=\"container\">\n\t\t<div class=\"elementor-element elementor-element-deffd48 e-con-full e-flex e-con e-child\" data-id=\"deffd48\" data-element_type=\"container\" id=\"contact-form-nf\" data-settings=\"{&quot;background_background&quot;:&quot;classic&quot;}\">\n\t\t\t\t<div class=\"elementor-element elementor-element-b9412c6 elementor-widget elementor-widget-shortcode\" data-id=\"b9412c6\" data-element_type=\"widget\" data-widget_type=\"shortcode.default\">\n\t\t\t\t\t\t\t<div class=\"elementor-shortcode\"><noscript class=\"ninja-forms-noscript-message\">\n\tRemarque \u2013 JavaScript est requis pour ce contenu.<\/noscript>\n<div id=\"nf-form-2-cont\" class=\"nf-form-cont\" aria-live=\"polite\" aria-labelledby=\"nf-form-title-2\" aria-describedby=\"nf-form-errors-2\" role=\"form\">\n\n    <div class=\"nf-loading-spinner\"><\/div>\n\n<\/div>\n        <!-- That data is being printed as a workaround to page builders reordering the order of the scripts loaded-->\n        <script>var formDisplay=1;var nfForms=nfForms||[];var form=[];form.id='2';form.settings={\"objectType\":\"Form Setting\",\"editActive\":true,\"title\":\"Contact form\",\"show_title\":0,\"allow_public_link\":0,\"embed_form\":\"\",\"clear_complete\":0,\"hide_complete\":0,\"default_label_pos\":\"above\",\"wrapper_class\":\"\",\"element_class\":\"\",\"form_title_heading_level\":\"3\",\"key\":\"\",\"add_submit\":0,\"changeEmailErrorMsg\":\"Entrez une adresse email valide\\u00a0!\",\"changeDateErrorMsg\":\"Please enter a valid date!\",\"confirmFieldErrorMsg\":\"Ces champs doivent correspondre\\u00a0!\",\"fieldNumberNumMinError\":\"Erreur min num\\u00e9ro\",\"fieldNumberNumMaxError\":\"Erreur max num\\u00e9ro\",\"fieldNumberIncrementBy\":\"Incr\\u00e9menter par \",\"formErrorsCorrectErrors\":\"Corrigez les erreurs avant de soumettre ce formulaire.\",\"validateRequiredField\":\"Ce champs est requis.\",\"honeypotHoneypotError\":\"Erreur Honeypot\",\"fieldsMarkedRequired\":\" \",\"currency\":\"\",\"unique_field_error\":\"A form with this value has already been submitted.\",\"logged_in\":false,\"not_logged_in_msg\":\"\",\"sub_limit_msg\":\"The form has reached its submission limit.\",\"calculations\":[],\"formContentData\":[\"name_1752808239791\",\"email_1752808222418\",\"message_1752808273206\",\"submit_1752808228703\"],\"objectDomain\":\"display\",\"drawerDisabled\":false,\"public_link\":\"https:\\\/\\\/wdev.call-the-service.com\\\/ninja-forms\\\/2m6t9\",\"public_link_key\":\"2m6t9\",\"ninjaForms\":\"Ninja Forms\",\"fieldTextareaRTEInsertLink\":\"Ins\\u00e9rer le lien\",\"fieldTextareaRTEInsertMedia\":\"Ins\\u00e9rer le m\\u00e9dia\",\"fieldTextareaRTESelectAFile\":\"S\\u00e9lectionner un fichier\",\"formHoneypot\":\"Si vous \\u00eates un \\u00eatre humain visualisant ce champ, merci de le laisser vide.\",\"fileUploadOldCodeFileUploadInProgress\":\"Upload du fichier en cours\",\"fileUploadOldCodeFileUpload\":\"UPLOAD FICHIER\",\"currencySymbol\":false,\"thousands_sep\":\"\\u00a0\",\"decimal_point\":\",\",\"siteLocale\":\"fr_FR\",\"dateFormat\":\"m\\\/d\\\/Y\",\"startOfWeek\":\"1\",\"of\":\"de\",\"previousMonth\":\"Previous Month\",\"nextMonth\":\"Next Month\",\"months\":[\"January\",\"February\",\"March\",\"April\",\"May\",\"June\",\"July\",\"August\",\"September\",\"October\",\"November\",\"December\"],\"monthsShort\":[\"Jan\",\"Feb\",\"Mar\",\"Apr\",\"May\",\"Jun\",\"Jul\",\"Aug\",\"Sep\",\"Oct\",\"Nov\",\"Dec\"],\"weekdays\":[\"Sunday\",\"Monday\",\"Tuesday\",\"Wednesday\",\"Thursday\",\"Friday\",\"Saturday\"],\"weekdaysShort\":[\"Sun\",\"Mon\",\"Tue\",\"Wed\",\"Thu\",\"Fri\",\"Sat\"],\"weekdaysMin\":[\"Su\",\"Mo\",\"Tu\",\"We\",\"Th\",\"Fr\",\"Sa\"],\"recaptchaConsentMissing\":\"reCaptcha validation couldn&#039;t load.\",\"recaptchaMissingCookie\":\"reCaptcha v3 validation couldn&#039;t load the cookie needed to submit the form.\",\"recaptchaConsentEvent\":\"Accept reCaptcha cookies before sending the form.\",\"currency_symbol\":\"\",\"beforeForm\":\"\",\"beforeFields\":\"\",\"afterFields\":\"\",\"afterForm\":\"\"};form.fields=[{\"objectType\":\"Field\",\"objectDomain\":\"fields\",\"editActive\":false,\"order\":1,\"idAttribute\":\"id\",\"type\":\"firstname\",\"label\":\"Name\",\"key\":\"name_1752808239791\",\"label_pos\":\"above\",\"required\":1,\"default\":\"\",\"placeholder\":\"Enter your name\",\"container_class\":\"\",\"element_class\":\"\",\"admin_label\":\"\",\"help_text\":\"\",\"custom_name_attribute\":\"fname\",\"personally_identifiable\":1,\"value\":\"\",\"drawerDisabled\":false,\"id\":5,\"beforeField\":\"\",\"afterField\":\"\",\"parentType\":\"firstname\",\"element_templates\":[\"firstname\",\"input\"],\"old_classname\":\"\",\"wrap_template\":\"wrap\"},{\"objectType\":\"Field\",\"objectDomain\":\"fields\",\"editActive\":false,\"order\":2,\"idAttribute\":\"id\",\"type\":\"email\",\"label\":\"Email\",\"key\":\"email_1752808222418\",\"label_pos\":\"above\",\"required\":1,\"default\":\"\",\"placeholder\":\"Enter your email id\",\"container_class\":\"\",\"element_class\":\"\",\"admin_label\":\"\",\"help_text\":\"\",\"custom_name_attribute\":\"email\",\"personally_identifiable\":1,\"value\":\"\",\"drawerDisabled\":false,\"id\":6,\"beforeField\":\"\",\"afterField\":\"\",\"parentType\":\"email\",\"element_templates\":[\"email\",\"input\"],\"old_classname\":\"\",\"wrap_template\":\"wrap\"},{\"objectType\":\"Field\",\"objectDomain\":\"fields\",\"editActive\":false,\"order\":3,\"idAttribute\":\"id\",\"type\":\"textarea\",\"label\":\"Message\",\"key\":\"message_1752808273206\",\"label_pos\":\"above\",\"required\":1,\"default\":\"\",\"placeholder\":\"Type your message\",\"container_class\":\"\",\"element_class\":\"\",\"input_limit\":\"\",\"input_limit_type\":\"characters\",\"input_limit_msg\":\"Character(s) left\",\"manual_key\":false,\"admin_label\":\"\",\"help_text\":\"\",\"textarea_rte\":\"\",\"disable_rte_mobile\":\"\",\"textarea_media\":\"\",\"value\":\"\",\"id\":7,\"beforeField\":\"\",\"afterField\":\"\",\"parentType\":\"textarea\",\"element_templates\":[\"textarea\",\"input\"],\"old_classname\":\"\",\"wrap_template\":\"wrap\"},{\"objectType\":\"Field\",\"objectDomain\":\"fields\",\"editActive\":false,\"order\":4,\"idAttribute\":\"id\",\"type\":\"submit\",\"label\":\"Submit\",\"processing_label\":\"Processing\",\"container_class\":\"\",\"element_class\":\"\",\"key\":\"submit_1752808228703\",\"admin_label\":\"\",\"drawerDisabled\":false,\"id\":8,\"beforeField\":\"\",\"afterField\":\"\",\"value\":\"\",\"label_pos\":\"above\",\"parentType\":\"textbox\",\"element_templates\":[\"submit\",\"button\",\"input\"],\"old_classname\":\"\",\"wrap_template\":\"wrap-no-label\"}];nfForms.push(form);<\/script>\n        <\/div>\n\t\t\t\t\t\t<\/div>\n\t\t\t\t<\/div>\n\t\t\t\t<div class=\"elementor-element elementor-element-f59dc92 elementor-widget elementor-widget-image\" data-id=\"f59dc92\" data-element_type=\"widget\" data-widget_type=\"image.default\">\n\t\t\t\t\t\t\t\t\t\t\t\t\t\t\t<img fetchpriority=\"high\" decoding=\"async\" width=\"800\" height=\"141\" src=\"https:\/\/www.call-the-service.com\/wp-content\/uploads\/2025\/07\/image-16.png\" class=\"attachment-large size-large wp-image-4467\" alt=\"\" \/>\t\t\t\t\t\t\t\t\t\t\t\t\t\t\t<\/div>\n\t\t\t\t<div class=\"elementor-element elementor-element-716d467 elementor-widget elementor-widget-html\" data-id=\"716d467\" data-element_type=\"widget\" data-widget_type=\"html.default\">\n\t\t\t\t\t<style>#contact-form-nf textarea{\n        height: 122px;\n        background: #f2f2f2;\n        border: none;\n    }\n     #contact-form-nf input{\n        border-radius: 10px;\n        background : #f2f2f2;\n        border : none;\n         \n     }\n     #contact-form-nf{\n         font-family: 'Montserrat' !important;\n     }\n.nf-error-msg{\n    display: none;\n}\n#nf-field-8-wrap > div.nf-field-element{\n    text-align: right;\n}\n#nf-field-8{\n    background-color: #131413 !important;\n    color: white !important;\n    background: #131413 !important;\n}\n<\/style>\t\t\t\t<\/div>\n\t\t\t\t<\/div>\n\t\t\t\t\t<\/div>\n\t\t\t\t<\/div>\n\t\t\t\t<\/div>\n\t\t","protected":false},"excerpt":{"rendered":"<p>Vous avez une question ? Discutons ensemble Que vous g\u00e9riez un seul caf\u00e9 ou une cha\u00eene d\u2019\u00e9tablissements, nous sommes l\u00e0 pour vous accompagner vers un service plus fluide que jamais<\/p>\n","protected":false},"author":3,"featured_media":0,"parent":0,"menu_order":0,"comment_status":"closed","ping_status":"closed","template":"","meta":{"footnotes":""},"class_list":["post-8891","page","type-page","status-publish","hentry"],"yoast_head":"<!-- This site is optimized with the Yoast SEO Premium plugin v25.6 (Yoast SEO v25.6) - https:\/\/yoast.com\/wordpress\/plugins\/seo\/ -->\n<title>contact - Call the Service<\/title>\n<meta name=\"robots\" content=\"index, follow, max-snippet:-1, max-image-preview:large, max-video-preview:-1\" \/>\n<link rel=\"canonical\" href=\"https:\/\/www.call-the-service.com\/fr\/contact\/\" \/>\n<meta property=\"og:locale\" content=\"fr_FR\" \/>\n<meta property=\"og:type\" content=\"article\" \/>\n<meta property=\"og:title\" content=\"contact\" \/>\n<meta property=\"og:description\" content=\"Vous avez une question ? Discutons ensemble Que vous g\u00e9riez un seul caf\u00e9 ou une cha\u00eene d\u2019\u00e9tablissements, nous sommes l\u00e0 pour vous accompagner vers un service plus fluide que jamais\" \/>\n<meta property=\"og:url\" content=\"https:\/\/www.call-the-service.com\/fr\/contact\/\" \/>\n<meta property=\"og:site_name\" content=\"Call the Service\" \/>\n<meta property=\"article:modified_time\" content=\"2026-04-29T13:18:10+00:00\" \/>\n<meta property=\"og:image\" content=\"https:\/\/www.call-the-service.com\/wp-content\/uploads\/2025\/07\/image-16.png\" \/>\n\t<meta property=\"og:image:width\" content=\"1222\" \/>\n\t<meta property=\"og:image:height\" content=\"216\" \/>\n\t<meta property=\"og:image:type\" content=\"image\/png\" \/>\n<meta name=\"twitter:card\" content=\"summary_large_image\" \/>\n<script type=\"application\/ld+json\" class=\"yoast-schema-graph\">{\"@context\":\"https:\/\/schema.org\",\"@graph\":[{\"@type\":\"WebPage\",\"@id\":\"https:\/\/www.call-the-service.com\/fr\/contact\/\",\"url\":\"https:\/\/www.call-the-service.com\/fr\/contact\/\",\"name\":\"contact - Call the Service\",\"isPartOf\":{\"@id\":\"https:\/\/www.call-the-service.com\/fr\/#website\"},\"primaryImageOfPage\":{\"@id\":\"https:\/\/www.call-the-service.com\/fr\/contact\/#primaryimage\"},\"image\":{\"@id\":\"https:\/\/www.call-the-service.com\/fr\/contact\/#primaryimage\"},\"thumbnailUrl\":\"https:\/\/www.call-the-service.com\/wp-content\/uploads\/2025\/07\/image-16.png\",\"datePublished\":\"2025-07-18T06:51:32+00:00\",\"dateModified\":\"2026-04-29T13:18:10+00:00\",\"breadcrumb\":{\"@id\":\"https:\/\/www.call-the-service.com\/fr\/contact\/#breadcrumb\"},\"inLanguage\":\"fr-FR\",\"potentialAction\":[{\"@type\":\"ReadAction\",\"target\":[\"https:\/\/www.call-the-service.com\/fr\/contact\/\"]}]},{\"@type\":\"ImageObject\",\"inLanguage\":\"fr-FR\",\"@id\":\"https:\/\/www.call-the-service.com\/fr\/contact\/#primaryimage\",\"url\":\"https:\/\/www.call-the-service.com\/wp-content\/uploads\/2025\/07\/image-16.png\",\"contentUrl\":\"https:\/\/www.call-the-service.com\/wp-content\/uploads\/2025\/07\/image-16.png\"},{\"@type\":\"BreadcrumbList\",\"@id\":\"https:\/\/www.call-the-service.com\/fr\/contact\/#breadcrumb\",\"itemListElement\":[{\"@type\":\"ListItem\",\"position\":1,\"name\":\"Home\",\"item\":\"https:\/\/www.call-the-service.com\/fr\/\"},{\"@type\":\"ListItem\",\"position\":2,\"name\":\"contact\"}]},{\"@type\":\"WebSite\",\"@id\":\"https:\/\/www.call-the-service.com\/fr\/#website\",\"url\":\"https:\/\/www.call-the-service.com\/fr\/\",\"name\":\"Call the Service - Digital QR Menu & Waiter Call App for Restaurants\",\"description\":\"\",\"publisher\":{\"@id\":\"https:\/\/www.call-the-service.com\/fr\/#organization\"},\"potentialAction\":[{\"@type\":\"SearchAction\",\"target\":{\"@type\":\"EntryPoint\",\"urlTemplate\":\"https:\/\/www.call-the-service.com\/fr\/?s={search_term_string}\"},\"query-input\":{\"@type\":\"PropertyValueSpecification\",\"valueRequired\":true,\"valueName\":\"search_term_string\"}}],\"inLanguage\":\"fr-FR\"},{\"@type\":\"Organization\",\"@id\":\"https:\/\/www.call-the-service.com\/fr\/#organization\",\"name\":\"Call the Service\",\"url\":\"https:\/\/www.call-the-service.com\/fr\/\",\"logo\":{\"@type\":\"ImageObject\",\"inLanguage\":\"fr-FR\",\"@id\":\"https:\/\/www.call-the-service.com\/fr\/#\/schema\/logo\/image\/\",\"url\":\"https:\/\/www.call-the-service.com\/wp-content\/uploads\/2025\/08\/LOGO-CTS-square-01.svg\",\"contentUrl\":\"https:\/\/www.call-the-service.com\/wp-content\/uploads\/2025\/08\/LOGO-CTS-square-01.svg\",\"width\":841,\"height\":595,\"caption\":\"Call the Service\"},\"image\":{\"@id\":\"https:\/\/www.call-the-service.com\/fr\/#\/schema\/logo\/image\/\"},\"sameAs\":[\"https:\/\/www.instagram.com\/call_the_service\/\",\"https:\/\/www.linkedin.com\/company\/98721768\/\",\"https:\/\/www.youtube.com\/@CallTheService?reload=9&cbrd=1\"],\"description\":\"Call The Service is an all-in-one digital platform designed for restaurants, caf\u00e9s, bars, and hospitality venues to improve guest experience, increase sales, and streamline daily operations. The app combines smart QR menus, waiter call functionality, AI-powered menu creation, multilingual instant translation, and visual table management \u2014 all in one simple, affordable tool. Products \/ Services Digital QR Menus \u2013 Fully branded, instantly editable, available in 100+ languages. Waiter Call System \u2013 Guests request service, order, or the bill via a simple QR scan. AI Menu Builder \u2013 Instantly generates high-quality dish images and descriptions. Visual Table & Staff Management \u2013 Assign tables, manage zones, and route requests to the right staff. Promotions & Specials \u2013 Highlight deals and increase order value.\"}]}<\/script>\n<!-- \/ Yoast SEO Premium plugin. -->","yoast_head_json":{"title":"contact - Call the Service","robots":{"index":"index","follow":"follow","max-snippet":"max-snippet:-1","max-image-preview":"max-image-preview:large","max-video-preview":"max-video-preview:-1"},"canonical":"https:\/\/www.call-the-service.com\/fr\/contact\/","og_locale":"fr_FR","og_type":"article","og_title":"contact","og_description":"Vous avez une question ? Discutons ensemble Que vous g\u00e9riez un seul caf\u00e9 ou une cha\u00eene d\u2019\u00e9tablissements, nous sommes l\u00e0 pour vous accompagner vers un service plus fluide que jamais","og_url":"https:\/\/www.call-the-service.com\/fr\/contact\/","og_site_name":"Call the Service","article_modified_time":"2026-04-29T13:18:10+00:00","og_image":[{"width":1222,"height":216,"url":"https:\/\/www.call-the-service.com\/wp-content\/uploads\/2025\/07\/image-16.png","type":"image\/png"}],"twitter_card":"summary_large_image","schema":{"@context":"https:\/\/schema.org","@graph":[{"@type":"WebPage","@id":"https:\/\/www.call-the-service.com\/fr\/contact\/","url":"https:\/\/www.call-the-service.com\/fr\/contact\/","name":"contact - Call the Service","isPartOf":{"@id":"https:\/\/www.call-the-service.com\/fr\/#website"},"primaryImageOfPage":{"@id":"https:\/\/www.call-the-service.com\/fr\/contact\/#primaryimage"},"image":{"@id":"https:\/\/www.call-the-service.com\/fr\/contact\/#primaryimage"},"thumbnailUrl":"https:\/\/www.call-the-service.com\/wp-content\/uploads\/2025\/07\/image-16.png","datePublished":"2025-07-18T06:51:32+00:00","dateModified":"2026-04-29T13:18:10+00:00","breadcrumb":{"@id":"https:\/\/www.call-the-service.com\/fr\/contact\/#breadcrumb"},"inLanguage":"fr-FR","potentialAction":[{"@type":"ReadAction","target":["https:\/\/www.call-the-service.com\/fr\/contact\/"]}]},{"@type":"ImageObject","inLanguage":"fr-FR","@id":"https:\/\/www.call-the-service.com\/fr\/contact\/#primaryimage","url":"https:\/\/www.call-the-service.com\/wp-content\/uploads\/2025\/07\/image-16.png","contentUrl":"https:\/\/www.call-the-service.com\/wp-content\/uploads\/2025\/07\/image-16.png"},{"@type":"BreadcrumbList","@id":"https:\/\/www.call-the-service.com\/fr\/contact\/#breadcrumb","itemListElement":[{"@type":"ListItem","position":1,"name":"Home","item":"https:\/\/www.call-the-service.com\/fr\/"},{"@type":"ListItem","position":2,"name":"contact"}]},{"@type":"WebSite","@id":"https:\/\/www.call-the-service.com\/fr\/#website","url":"https:\/\/www.call-the-service.com\/fr\/","name":"Call the Service - Digital QR Menu & Waiter Call App for Restaurants","description":"","publisher":{"@id":"https:\/\/www.call-the-service.com\/fr\/#organization"},"potentialAction":[{"@type":"SearchAction","target":{"@type":"EntryPoint","urlTemplate":"https:\/\/www.call-the-service.com\/fr\/?s={search_term_string}"},"query-input":{"@type":"PropertyValueSpecification","valueRequired":true,"valueName":"search_term_string"}}],"inLanguage":"fr-FR"},{"@type":"Organization","@id":"https:\/\/www.call-the-service.com\/fr\/#organization","name":"Call the Service","url":"https:\/\/www.call-the-service.com\/fr\/","logo":{"@type":"ImageObject","inLanguage":"fr-FR","@id":"https:\/\/www.call-the-service.com\/fr\/#\/schema\/logo\/image\/","url":"https:\/\/www.call-the-service.com\/wp-content\/uploads\/2025\/08\/LOGO-CTS-square-01.svg","contentUrl":"https:\/\/www.call-the-service.com\/wp-content\/uploads\/2025\/08\/LOGO-CTS-square-01.svg","width":841,"height":595,"caption":"Call the Service"},"image":{"@id":"https:\/\/www.call-the-service.com\/fr\/#\/schema\/logo\/image\/"},"sameAs":["https:\/\/www.instagram.com\/call_the_service\/","https:\/\/www.linkedin.com\/company\/98721768\/","https:\/\/www.youtube.com\/@CallTheService?reload=9&cbrd=1"],"description":"Call The Service is an all-in-one digital platform designed for restaurants, caf\u00e9s, bars, and hospitality venues to improve guest experience, increase sales, and streamline daily operations. The app combines smart QR menus, waiter call functionality, AI-powered menu creation, multilingual instant translation, and visual table management \u2014 all in one simple, affordable tool. Products \/ Services Digital QR Menus \u2013 Fully branded, instantly editable, available in 100+ languages. Waiter Call System \u2013 Guests request service, order, or the bill via a simple QR scan. AI Menu Builder \u2013 Instantly generates high-quality dish images and descriptions. Visual Table & Staff Management \u2013 Assign tables, manage zones, and route requests to the right staff. Promotions & Specials \u2013 Highlight deals and increase order value."}]}},"_links":{"self":[{"href":"https:\/\/www.call-the-service.com\/fr\/wp-json\/wp\/v2\/pages\/8891","targetHints":{"allow":["GET"]}}],"collection":[{"href":"https:\/\/www.call-the-service.com\/fr\/wp-json\/wp\/v2\/pages"}],"about":[{"href":"https:\/\/www.call-the-service.com\/fr\/wp-json\/wp\/v2\/types\/page"}],"author":[{"embeddable":true,"href":"https:\/\/www.call-the-service.com\/fr\/wp-json\/wp\/v2\/users\/3"}],"replies":[{"embeddable":true,"href":"https:\/\/www.call-the-service.com\/fr\/wp-json\/wp\/v2\/comments?post=8891"}],"version-history":[{"count":1,"href":"https:\/\/www.call-the-service.com\/fr\/wp-json\/wp\/v2\/pages\/8891\/revisions"}],"predecessor-version":[{"id":8892,"href":"https:\/\/www.call-the-service.com\/fr\/wp-json\/wp\/v2\/pages\/8891\/revisions\/8892"}],"wp:attachment":[{"href":"https:\/\/www.call-the-service.com\/fr\/wp-json\/wp\/v2\/media?parent=8891"}],"curies":[{"name":"wp","href":"https:\/\/api.w.org\/{rel}","templated":true}]}}